{"id":859,"date":"2025-07-14T13:06:05","date_gmt":"2025-07-14T13:06:05","guid":{"rendered":"https:\/\/browsergamesplay.com\/?page_id=859"},"modified":"2025-09-05T07:48:54","modified_gmt":"2025-09-05T07:48:54","slug":"disclaimer","status":"publish","type":"page","link":"https:\/\/browsergamesplay.com\/de\/disclaimer\/","title":{"rendered":"Haftungsausschluss"},"content":{"rendered":"<p><strong>Haftungsausschluss f\u00fcr BrowserGamesPlay.com<\/strong><\/p>\n\n\n\n<p>Datum des Inkrafttretens: 23. August 2025<\/p>\n\n\n\n<ul class=\"wp-block-list\">\n<li>Alle Informationen auf dieser Website werden nach bestem Wissen und Gewissen und nur zu allgemeinen Informations- und Unterhaltungszwecken ver\u00f6ffentlicht.<\/li>\n\n\n\n<li>BrowserGamesPlay.com gibt keine Garantien \u00fcber die Vollst\u00e4ndigkeit, Zuverl\u00e4ssigkeit oder Genauigkeit der Spielinhalte.<\/li>\n\n\n\n<li>Jede Handlung, die Sie aufgrund der Informationen oder Spiele, die Sie auf dieser Website finden, vornehmen, geschieht ausschlie\u00dflich auf Ihr eigenes Risiko.<\/li>\n\n\n\n<li>BrowserGamesPlay.com haftet nicht f\u00fcr Verluste oder Sch\u00e4den im Zusammenhang mit der Nutzung unserer Website.<\/li>\n\n\n\n<li>Die Spiele, die auf unserer Website eingebettet sind, werden von Drittanbietern bereitgestellt. Wir hosten oder entwickeln diese Spiele nicht. F\u00fcr Probleme, Werbung oder Inhalte in den Spielen sind die Spieleanbieter verantwortlich.<\/li>\n\n\n\n<li>Durch die Nutzung unserer Website erkl\u00e4ren Sie sich mit diesem Haftungsausschluss einverstanden.<\/li>\n<\/ul>","protected":false},"excerpt":{"rendered":"<p>Disclaimer for BrowserGamesPlay.com Effective Date: August 23rd of 2025<\/p>","protected":false},"author":1,"featured_media":0,"parent":0,"menu_order":0,"comment_status":"closed","ping_status":"closed","template":"","meta":{"footnotes":""},"class_list":["post-859","page","type-page","status-publish","hentry"],"_links":{"self":[{"href":"https:\/\/browsergamesplay.com\/de\/wp-json\/wp\/v2\/pages\/859","targetHints":{"allow":["GET"]}}],"collection":[{"href":"https:\/\/browsergamesplay.com\/de\/wp-json\/wp\/v2\/pages"}],"about":[{"href":"https:\/\/browsergamesplay.com\/de\/wp-json\/wp\/v2\/types\/page"}],"author":[{"embeddable":true,"href":"https:\/\/browsergamesplay.com\/de\/wp-json\/wp\/v2\/users\/1"}],"replies":[{"embeddable":true,"href":"https:\/\/browsergamesplay.com\/de\/wp-json\/wp\/v2\/comments?post=859"}],"version-history":[{"count":2,"href":"https:\/\/browsergamesplay.com\/de\/wp-json\/wp\/v2\/pages\/859\/revisions"}],"predecessor-version":[{"id":2431,"href":"https:\/\/browsergamesplay.com\/de\/wp-json\/wp\/v2\/pages\/859\/revisions\/2431"}],"wp:attachment":[{"href":"https:\/\/browsergamesplay.com\/de\/wp-json\/wp\/v2\/media?parent=859"}],"curies":[{"name":"wp","href":"https:\/\/api.w.org\/{rel}","templated":true}]}}