{"id":859,"date":"2025-07-14T13:06:05","date_gmt":"2025-07-14T13:06:05","guid":{"rendered":"https:\/\/browsergamesplay.com\/?page_id=859"},"modified":"2025-09-05T07:48:54","modified_gmt":"2025-09-05T07:48:54","slug":"disclaimer","status":"publish","type":"page","link":"https:\/\/browsergamesplay.com\/es\/disclaimer\/","title":{"rendered":"Descargo de responsabilidad"},"content":{"rendered":"<p><strong>Descargo de responsabilidad de BrowserGamesPlay.com<\/strong><\/p>\n\n\n\n<p>Fecha de entrada en vigor: 23 de agosto de 2025<\/p>\n\n\n\n<ul class=\"wp-block-list\">\n<li>Toda la informaci\u00f3n de este sitio web se publica de buena fe y \u00fanicamente con fines de informaci\u00f3n general y entretenimiento.<\/li>\n\n\n\n<li>BrowserGamesPlay.com no garantiza la integridad, fiabilidad o exactitud del contenido de los juegos.<\/li>\n\n\n\n<li>Cualquier acci\u00f3n que emprenda a partir de la informaci\u00f3n o los juegos que encuentre en este sitio web es estrictamente por su cuenta y riesgo.<\/li>\n\n\n\n<li>BrowserGamesPlay.com no ser\u00e1 responsable de las p\u00e9rdidas o da\u00f1os relacionados con el uso de nuestro sitio web.<\/li>\n\n\n\n<li>Los juegos integrados en nuestro sitio son proporcionados por terceros distribuidores. Nosotros no alojamos ni desarrollamos estos juegos. Cualquier problema, publicidad o contenido de los juegos es responsabilidad del proveedor del juego.<\/li>\n\n\n\n<li>Al utilizar nuestro sitio web, usted acepta esta cl\u00e1usula de exenci\u00f3n de responsabilidad.<\/li>\n<\/ul>","protected":false},"excerpt":{"rendered":"<p>Disclaimer for BrowserGamesPlay.com Effective Date: August 23rd of 2025<\/p>","protected":false},"author":1,"featured_media":0,"parent":0,"menu_order":0,"comment_status":"closed","ping_status":"closed","template":"","meta":{"footnotes":""},"class_list":["post-859","page","type-page","status-publish","hentry"],"_links":{"self":[{"href":"https:\/\/browsergamesplay.com\/es\/wp-json\/wp\/v2\/pages\/859","targetHints":{"allow":["GET"]}}],"collection":[{"href":"https:\/\/browsergamesplay.com\/es\/wp-json\/wp\/v2\/pages"}],"about":[{"href":"https:\/\/browsergamesplay.com\/es\/wp-json\/wp\/v2\/types\/page"}],"author":[{"embeddable":true,"href":"https:\/\/browsergamesplay.com\/es\/wp-json\/wp\/v2\/users\/1"}],"replies":[{"embeddable":true,"href":"https:\/\/browsergamesplay.com\/es\/wp-json\/wp\/v2\/comments?post=859"}],"version-history":[{"count":2,"href":"https:\/\/browsergamesplay.com\/es\/wp-json\/wp\/v2\/pages\/859\/revisions"}],"predecessor-version":[{"id":2431,"href":"https:\/\/browsergamesplay.com\/es\/wp-json\/wp\/v2\/pages\/859\/revisions\/2431"}],"wp:attachment":[{"href":"https:\/\/browsergamesplay.com\/es\/wp-json\/wp\/v2\/media?parent=859"}],"curies":[{"name":"wp","href":"https:\/\/api.w.org\/{rel}","templated":true}]}}