{"id":859,"date":"2025-07-14T13:06:05","date_gmt":"2025-07-14T13:06:05","guid":{"rendered":"https:\/\/browsergamesplay.com\/?page_id=859"},"modified":"2025-09-05T07:48:54","modified_gmt":"2025-09-05T07:48:54","slug":"disclaimer","status":"publish","type":"page","link":"https:\/\/browsergamesplay.com\/fr\/disclaimer\/","title":{"rendered":"Clause de non-responsabilit\u00e9"},"content":{"rendered":"<p><strong>Avis de non-responsabilit\u00e9 pour BrowserGamesPlay.com<\/strong><\/p>\n\n\n\n<p>Date d'entr\u00e9e en vigueur : 23 ao\u00fbt 2025<\/p>\n\n\n\n<ul class=\"wp-block-list\">\n<li>Toutes les informations contenues dans ce site sont publi\u00e9es en toute bonne foi et \u00e0 des fins d'information g\u00e9n\u00e9rale et de divertissement uniquement.<\/li>\n\n\n\n<li>BrowserGamesPlay.com n'offre aucune garantie quant \u00e0 l'exhaustivit\u00e9, la fiabilit\u00e9 ou l'exactitude du contenu des jeux.<\/li>\n\n\n\n<li>Toute action entreprise sur la base des informations ou des jeux trouv\u00e9s sur ce site Internet est strictement \u00e0 vos risques et p\u00e9rils.<\/li>\n\n\n\n<li>BrowserGamesPlay.com ne sera pas responsable des pertes ou des dommages li\u00e9s \u00e0 l'utilisation de notre site web.<\/li>\n\n\n\n<li>Les jeux int\u00e9gr\u00e9s sur notre site sont fournis par des distributeurs tiers. Nous n'h\u00e9bergeons ni ne d\u00e9veloppons ces jeux. Tout probl\u00e8me, publicit\u00e9 ou contenu dans les jeux rel\u00e8ve de la responsabilit\u00e9 du fournisseur du jeu.<\/li>\n\n\n\n<li>En utilisant notre site web, vous acceptez cette clause de non-responsabilit\u00e9.<\/li>\n<\/ul>","protected":false},"excerpt":{"rendered":"<p>Disclaimer for BrowserGamesPlay.com Effective Date: August 23rd of 2025<\/p>","protected":false},"author":1,"featured_media":0,"parent":0,"menu_order":0,"comment_status":"closed","ping_status":"closed","template":"","meta":{"footnotes":""},"class_list":["post-859","page","type-page","status-publish","hentry"],"_links":{"self":[{"href":"https:\/\/browsergamesplay.com\/fr\/wp-json\/wp\/v2\/pages\/859","targetHints":{"allow":["GET"]}}],"collection":[{"href":"https:\/\/browsergamesplay.com\/fr\/wp-json\/wp\/v2\/pages"}],"about":[{"href":"https:\/\/browsergamesplay.com\/fr\/wp-json\/wp\/v2\/types\/page"}],"author":[{"embeddable":true,"href":"https:\/\/browsergamesplay.com\/fr\/wp-json\/wp\/v2\/users\/1"}],"replies":[{"embeddable":true,"href":"https:\/\/browsergamesplay.com\/fr\/wp-json\/wp\/v2\/comments?post=859"}],"version-history":[{"count":2,"href":"https:\/\/browsergamesplay.com\/fr\/wp-json\/wp\/v2\/pages\/859\/revisions"}],"predecessor-version":[{"id":2431,"href":"https:\/\/browsergamesplay.com\/fr\/wp-json\/wp\/v2\/pages\/859\/revisions\/2431"}],"wp:attachment":[{"href":"https:\/\/browsergamesplay.com\/fr\/wp-json\/wp\/v2\/media?parent=859"}],"curies":[{"name":"wp","href":"https:\/\/api.w.org\/{rel}","templated":true}]}}