{"id":859,"date":"2025-07-14T13:06:05","date_gmt":"2025-07-14T13:06:05","guid":{"rendered":"https:\/\/browsergamesplay.com\/?page_id=859"},"modified":"2025-09-05T07:48:54","modified_gmt":"2025-09-05T07:48:54","slug":"disclaimer","status":"publish","type":"page","link":"https:\/\/browsergamesplay.com\/pt\/disclaimer\/","title":{"rendered":"Declara\u00e7\u00e3o de exonera\u00e7\u00e3o de responsabilidade"},"content":{"rendered":"<p><strong>Declara\u00e7\u00e3o de exonera\u00e7\u00e3o de responsabilidade para BrowserGamesPlay.com<\/strong><\/p>\n\n\n\n<p>Data efectiva: 23 de agosto de 2025<\/p>\n\n\n\n<ul class=\"wp-block-list\">\n<li>Todas as informa\u00e7\u00f5es contidas neste s\u00edtio Web s\u00e3o publicadas de boa f\u00e9 e apenas para fins de informa\u00e7\u00e3o geral e de entretenimento.<\/li>\n\n\n\n<li>BrowserGamesPlay.com n\u00e3o d\u00e1 quaisquer garantias sobre a integridade, fiabilidade ou precis\u00e3o do conte\u00fado do jogo.<\/li>\n\n\n\n<li>Qualquer a\u00e7\u00e3o realizada com base nas informa\u00e7\u00f5es ou jogos encontrados neste s\u00edtio Web \u00e9 estritamente por sua conta e risco.<\/li>\n\n\n\n<li>BrowserGamesPlay.com n\u00e3o ser\u00e1 respons\u00e1vel por quaisquer perdas ou danos relacionados com a utiliza\u00e7\u00e3o do nosso s\u00edtio Web.<\/li>\n\n\n\n<li>Os jogos incorporados no nosso s\u00edtio s\u00e3o fornecidos por distribuidores terceiros. N\u00e3o alojamos nem desenvolvemos estes jogos. Quaisquer problemas, an\u00fancios ou conte\u00fados dos jogos s\u00e3o da responsabilidade do fornecedor do jogo.<\/li>\n\n\n\n<li>Ao utilizar o nosso s\u00edtio Web, o utilizador aceita a presente declara\u00e7\u00e3o de exonera\u00e7\u00e3o de responsabilidade.<\/li>\n<\/ul>","protected":false},"excerpt":{"rendered":"<p>Disclaimer for BrowserGamesPlay.com Effective Date: August 23rd of 2025<\/p>","protected":false},"author":1,"featured_media":0,"parent":0,"menu_order":0,"comment_status":"closed","ping_status":"closed","template":"","meta":{"footnotes":""},"class_list":["post-859","page","type-page","status-publish","hentry"],"_links":{"self":[{"href":"https:\/\/browsergamesplay.com\/pt\/wp-json\/wp\/v2\/pages\/859","targetHints":{"allow":["GET"]}}],"collection":[{"href":"https:\/\/browsergamesplay.com\/pt\/wp-json\/wp\/v2\/pages"}],"about":[{"href":"https:\/\/browsergamesplay.com\/pt\/wp-json\/wp\/v2\/types\/page"}],"author":[{"embeddable":true,"href":"https:\/\/browsergamesplay.com\/pt\/wp-json\/wp\/v2\/users\/1"}],"replies":[{"embeddable":true,"href":"https:\/\/browsergamesplay.com\/pt\/wp-json\/wp\/v2\/comments?post=859"}],"version-history":[{"count":2,"href":"https:\/\/browsergamesplay.com\/pt\/wp-json\/wp\/v2\/pages\/859\/revisions"}],"predecessor-version":[{"id":2431,"href":"https:\/\/browsergamesplay.com\/pt\/wp-json\/wp\/v2\/pages\/859\/revisions\/2431"}],"wp:attachment":[{"href":"https:\/\/browsergamesplay.com\/pt\/wp-json\/wp\/v2\/media?parent=859"}],"curies":[{"name":"wp","href":"https:\/\/api.w.org\/{rel}","templated":true}]}}