{"id":859,"date":"2025-07-14T13:06:05","date_gmt":"2025-07-14T13:06:05","guid":{"rendered":"https:\/\/browsergamesplay.com\/?page_id=859"},"modified":"2025-09-05T07:48:54","modified_gmt":"2025-09-05T07:48:54","slug":"disclaimer","status":"publish","type":"page","link":"https:\/\/browsergamesplay.com\/sv\/disclaimer\/","title":{"rendered":"Ansvarsfriskrivning"},"content":{"rendered":"<p><strong>Ansvarsfriskrivning f\u00f6r BrowserGamesPlay.com<\/strong><\/p>\n\n\n\n<p>Datum f\u00f6r ikrafttr\u00e4dande: 23 augusti 2025<\/p>\n\n\n\n<ul class=\"wp-block-list\">\n<li>All information p\u00e5 denna webbplats publiceras i god tro och endast i allm\u00e4nt informations- och underh\u00e5llningssyfte.<\/li>\n\n\n\n<li>BrowserGamesPlay.com l\u00e4mnar inga garantier f\u00f6r spelinneh\u00e5llets fullst\u00e4ndighet, tillf\u00f6rlitlighet eller noggrannhet.<\/li>\n\n\n\n<li>Alla \u00e5tg\u00e4rder som du vidtar med anledning av information eller spel som du hittar p\u00e5 denna webbplats sker helt p\u00e5 egen risk.<\/li>\n\n\n\n<li>BrowserGamesPlay.com ansvarar inte f\u00f6r n\u00e5gra f\u00f6rluster eller skador i samband med anv\u00e4ndningen av v\u00e5r webbplats.<\/li>\n\n\n\n<li>De spel som finns p\u00e5 v\u00e5r webbplats tillhandah\u00e5lls av tredjepartsdistribut\u00f6rer. Vi \u00e4r inte v\u00e4rd f\u00f6r eller utvecklar dessa spel. Eventuella problem, annonser eller inneh\u00e5ll i spelen \u00e4r spelleverant\u00f6rens ansvar.<\/li>\n\n\n\n<li>Genom att anv\u00e4nda v\u00e5r webbplats samtycker du till denna ansvarsfriskrivning.<\/li>\n<\/ul>","protected":false},"excerpt":{"rendered":"<p>Disclaimer for BrowserGamesPlay.com Effective Date: August 23rd of 2025<\/p>","protected":false},"author":1,"featured_media":0,"parent":0,"menu_order":0,"comment_status":"closed","ping_status":"closed","template":"","meta":{"footnotes":""},"class_list":["post-859","page","type-page","status-publish","hentry"],"_links":{"self":[{"href":"https:\/\/browsergamesplay.com\/sv\/wp-json\/wp\/v2\/pages\/859","targetHints":{"allow":["GET"]}}],"collection":[{"href":"https:\/\/browsergamesplay.com\/sv\/wp-json\/wp\/v2\/pages"}],"about":[{"href":"https:\/\/browsergamesplay.com\/sv\/wp-json\/wp\/v2\/types\/page"}],"author":[{"embeddable":true,"href":"https:\/\/browsergamesplay.com\/sv\/wp-json\/wp\/v2\/users\/1"}],"replies":[{"embeddable":true,"href":"https:\/\/browsergamesplay.com\/sv\/wp-json\/wp\/v2\/comments?post=859"}],"version-history":[{"count":2,"href":"https:\/\/browsergamesplay.com\/sv\/wp-json\/wp\/v2\/pages\/859\/revisions"}],"predecessor-version":[{"id":2431,"href":"https:\/\/browsergamesplay.com\/sv\/wp-json\/wp\/v2\/pages\/859\/revisions\/2431"}],"wp:attachment":[{"href":"https:\/\/browsergamesplay.com\/sv\/wp-json\/wp\/v2\/media?parent=859"}],"curies":[{"name":"wp","href":"https:\/\/api.w.org\/{rel}","templated":true}]}}